{"id":1884,"date":"2026-02-28T17:53:50","date_gmt":"2026-02-28T17:53:50","guid":{"rendered":"https:\/\/labmet.uc3m.es\/labmet-history\/"},"modified":"2026-02-28T17:53:50","modified_gmt":"2026-02-28T17:53:50","slug":"labmet-history","status":"publish","type":"page","link":"https:\/\/labmet.uc3m.es\/en\/labmet-history\/","title":{"rendered":"Labmet History"},"content":{"rendered":"<p>[et_pb_section fb_built=&#8221;1&#8243; _builder_version=&#8221;4.27.5&#8243; _module_preset=&#8221;default&#8221; global_colors_info=&#8221;{}&#8221;][et_pb_row _builder_version=&#8221;4.27.5&#8243; _module_preset=&#8221;default&#8221; global_colors_info=&#8221;{}&#8221;][et_pb_column type=&#8221;4_4&#8243; _builder_version=&#8221;4.27.5&#8243; _module_preset=&#8221;default&#8221; global_colors_info=&#8221;{}&#8221;][et_pb_text _builder_version=&#8221;4.27.5&#8243; _module_preset=&#8221;default&#8221; text_text_color=&#8221;gcid-a9d8e14e-2f78-408a-a83c-506939196b52&#8243; custom_padding=&#8221;||0px|||&#8221; text_text_shadow_style=&#8221;preset1&#8243; global_colors_info=&#8221;{%22gcid-a9d8e14e-2f78-408a-a83c-506939196b52%22:%91%22text_text_color%22%93}&#8221;]<\/p>\n<h2 style=\"text-align: center\"><span style=\"font-size: xx-large\"><strong><span style=\"color: #003366\">Transmission Electron Microscopy Laboratory<\/span><\/strong><\/span><\/h2>\n<p>[\/et_pb_text][\/et_pb_column][\/et_pb_row][et_pb_row column_structure=&#8221;3_4,1_4&#8243; _builder_version=&#8221;4.27.5&#8243; _module_preset=&#8221;default&#8221; global_colors_info=&#8221;{}&#8221;][et_pb_column type=&#8221;3_4&#8243; _builder_version=&#8221;4.27.5&#8243; _module_preset=&#8221;default&#8221; global_colors_info=&#8221;{}&#8221;][et_pb_text _builder_version=&#8221;4.27.5&#8243; _module_preset=&#8221;default&#8221; custom_margin=&#8221;-20px||||false|false&#8221; link_option_url=&#8221;https:\/\/www.uc3m.es\/cai\/inicio&#8221; link_option_url_new_window=&#8221;on&#8221; global_colors_info=&#8221;{}&#8221;]<\/p>\n<div class=\"et_pb_module et_pb_text et_pb_text_0 et_pb_text_align_left et_pb_bg_layout_light\">\n<div class=\"et_pb_text_inner\">\n<h2 style=\"text-align: center\"><\/h2>\n<\/div>\n<\/div>\n<div class=\"et_pb_module et_pb_text et_pb_text_1 et_pb_text_align_left et_pb_bg_layout_light\">\n<div class=\"et_pb_text_inner\">\n<p data-start=\"0\" data-end=\"380\">At the beginning of 2000, a small but ambitious unit was born within the Physics Department on the Legan\u00e9s campus of the Carlos III University of Madrid. Its mission was clear: to support materials research using advanced characterization techniques. Thus began the story of the Transmission Electron Microscopy Laboratory, known today as LABMET.  <\/p>\n<p data-start=\"382\" data-end=\"927\">In its early years, LABMET functioned as a scientific and technical service unit, offering support to researchers who needed to observe the structure of materials at the nanoscale. With limited resources but a strong scientific commitment, the laboratory began to establish itself as a benchmark within the university. Its activity was not only focused on internal projects, but it also began to forge collaborations with other research groups, both in academia and industry.  <\/p>\n<p data-start=\"929\" data-end=\"1427\">The laboratory&#8217;s growth went hand in hand with the development of the Physics Department itself. Over time, LABMET expanded its capabilities thanks to the addition of key equipment, such as the FEI Tecnai 20 FEG electron microscope, which for years formed the backbone of its experimental activity. This instrument allowed researchers to delve deeper into the structural and compositional analysis of materials with unprecedented precision at the institution.  <\/p>\n<p data-start=\"1429\" data-end=\"1805\">As the decades passed, LABMET established itself as a multidisciplinary space, bringing together researchers with diverse backgrounds but united by a common goal: to promote research and innovation in materials science. Its role as an open access platform for advanced techniques made it a strategic resource for numerous R&amp;D projects. <\/p>\n<p data-start=\"1807\" data-end=\"2107\">Un punto de inflexi\u00f3n lleg\u00f3 cuando un equipo liderado por la profesora Beatriz Galiana present\u00f3 una propuesta a una convocatoria del Ministerio para la Transformaci\u00f3n Digital y de la Funci\u00f3n P\u00fablica. La propuesta fue evaluada favorablemente, marcando el inicio de una nueva etapa para el laboratorio. <\/p>\n<p data-start=\"2109\" data-end=\"2647\">Thus, at the end of 2025, LABMET took a significant leap forward with the implementation of a new scientific infrastructure. For the first time, the Carlos III University of Madrid had a state-of-the-art transmission electron microscope (TEM\/STEM) specifically dedicated to materials science. The addition of the Thermo Fisher Spectra 200 instrument, acquired with European funding, significantly expanded the laboratory&#8217;s analytical capabilities, enabling much more advanced and precise studies.  <\/p>\n<p data-start=\"2649\" data-end=\"3043\">This milestone not only strengthened LABMET&#8217;s position within the university but also boosted its external profile. Due to the unique nature of its infrastructure and with the aim of facilitating access for research groups, the laboratory was attached to the Research Support Center (CAI), consolidating its position as a key node in the UC3M scientific services network. <\/p>\n<p data-start=\"3045\" data-end=\"3289\" data-is-last-node=\"\" data-is-only-node=\"\">From its origin in 2000 to the present, LABMET has evolved from a small support unit to a reference laboratory, always maintaining its commitment to scientific excellence and service to the research community.<\/p>\n<\/div>\n<\/div>\n<p>[\/et_pb_text][\/et_pb_column][et_pb_column type=&#8221;1_4&#8243; _builder_version=&#8221;4.27.5&#8243; _module_preset=&#8221;default&#8221; global_colors_info=&#8221;{}&#8221;][et_pb_image src=&#8221;https:\/\/storage.googleapis.com\/wp-uploads.bucket.wp.uc3m.es\/wp-content\/uploads\/sites\/9\/2026\/02\/23142828\/MET_1-scaled.jpeg&#8221; alt=&#8221;MET_1&#8243; title_text=&#8221;MET_1&#8243; align=&#8221;center&#8221; _builder_version=&#8221;4.27.5&#8243; _module_preset=&#8221;default&#8221; border_width_all=&#8221;6px&#8221; border_color_all=&#8221;gcid-a9d8e14e-2f78-408a-a83c-506939196b52&#8243; box_shadow_style=&#8221;preset2&#8243; global_colors_info=&#8221;{%22gcid-a9d8e14e-2f78-408a-a83c-506939196b52%22:%91%22border_color_all%22%93}&#8221;][\/et_pb_image][et_pb_image src=&#8221;https:\/\/storage.googleapis.com\/wp-uploads.bucket.wp.uc3m.es\/wp-content\/uploads\/sites\/9\/2026\/02\/23144639\/IMG_0103-scaled.jpeg&#8221; alt=&#8221;IMG_0103&#8243; title_text=&#8221;IMG_0103&#8243; align=&#8221;center&#8221; _builder_version=&#8221;4.27.5&#8243; _module_preset=&#8221;default&#8221; border_width_all=&#8221;6px&#8221; border_color_all=&#8221;gcid-a9d8e14e-2f78-408a-a83c-506939196b52&#8243; box_shadow_style=&#8221;preset2&#8243; global_colors_info=&#8221;{%22gcid-a9d8e14e-2f78-408a-a83c-506939196b52%22:%91%22border_color_all%22%93}&#8221;][\/et_pb_image][\/et_pb_column][\/et_pb_row][et_pb_row column_structure=&#8221;1_3,1_3,1_3&#8243; _builder_version=&#8221;4.27.5&#8243; _module_preset=&#8221;default&#8221; custom_margin=&#8221;-20px||||false|false&#8221; global_colors_info=&#8221;{}&#8221;][et_pb_column type=&#8221;1_3&#8243; _builder_version=&#8221;4.27.5&#8243; _module_preset=&#8221;default&#8221; global_colors_info=&#8221;{}&#8221;][et_pb_image src=&#8221;https:\/\/storage.googleapis.com\/wp-uploads.bucket.wp.uc3m.es\/wp-content\/uploads\/sites\/9\/2026\/02\/23144340\/IMG_0090-scaled.jpeg&#8221; alt=&#8221;IMG_0090&#8243; title_text=&#8221;IMG_0090&#8243; _builder_version=&#8221;4.27.5&#8243; _module_preset=&#8221;default&#8221; border_width_all=&#8221;4px&#8221; border_color_all=&#8221;gcid-a9d8e14e-2f78-408a-a83c-506939196b52&#8243; box_shadow_style=&#8221;preset2&#8243; global_colors_info=&#8221;{%22gcid-a9d8e14e-2f78-408a-a83c-506939196b52%22:%91%22border_color_all%22%93}&#8221;][\/et_pb_image][\/et_pb_column][et_pb_column type=&#8221;1_3&#8243; _builder_version=&#8221;4.27.5&#8243; _module_preset=&#8221;default&#8221; global_colors_info=&#8221;{}&#8221;][et_pb_image src=&#8221;https:\/\/storage.googleapis.com\/wp-uploads.bucket.wp.uc3m.es\/wp-content\/uploads\/sites\/9\/2026\/02\/23144321\/IMG_0089-scaled.jpeg&#8221; title_text=&#8221;IMG_0089&#8243; _builder_version=&#8221;4.27.5&#8243; _module_preset=&#8221;default&#8221; border_width_all=&#8221;4px&#8221; border_color_all=&#8221;gcid-a9d8e14e-2f78-408a-a83c-506939196b52&#8243; box_shadow_style=&#8221;preset2&#8243; global_colors_info=&#8221;{%22gcid-a9d8e14e-2f78-408a-a83c-506939196b52%22:%91%22border_color_all%22%93}&#8221;][\/et_pb_image][\/et_pb_column][et_pb_column type=&#8221;1_3&#8243; _builder_version=&#8221;4.27.5&#8243; _module_preset=&#8221;default&#8221; global_colors_info=&#8221;{}&#8221;][et_pb_image src=&#8221;https:\/\/storage.googleapis.com\/wp-uploads.bucket.wp.uc3m.es\/wp-content\/uploads\/sites\/9\/2026\/03\/12160058\/MET-2.jpeg&#8221; alt=&#8221;MET 2&#8243; title_text=&#8221;MET 2&#8243; _builder_version=&#8221;4.27.5&#8243; _module_preset=&#8221;default&#8221; border_width_all=&#8221;4px&#8221; border_color_all=&#8221;gcid-a9d8e14e-2f78-408a-a83c-506939196b52&#8243; box_shadow_style=&#8221;preset2&#8243; global_colors_info=&#8221;{%22gcid-a9d8e14e-2f78-408a-a83c-506939196b52%22:%91%22border_color_all%22%93}&#8221;][\/et_pb_image][\/et_pb_column][\/et_pb_row][\/et_pb_section]<\/p>\n","protected":false},"excerpt":{"rendered":"<p>Transmission Electron Microscopy Laboratory At the beginning of 2000, a small but ambitious unit was born within the Physics Department on the Legan\u00e9s campus of the Carlos III University of Madrid. Its mission was clear: to support materials research using advanced characterization techniques. Thus began the story of the Transmission Electron Microscopy Laboratory, known today [&hellip;]<\/p>\n","protected":false},"author":426,"featured_media":0,"parent":0,"menu_order":0,"comment_status":"closed","ping_status":"closed","template":"","meta":{"_et_pb_use_builder":"on","_et_pb_old_content":"","_et_gb_content_width":"","footnotes":"","_links_to":"","_links_to_target":""},"class_list":["post-1884","page","type-page","status-publish","hentry"],"_links":{"self":[{"href":"https:\/\/labmet.uc3m.es\/en\/wp-json\/wp\/v2\/pages\/1884","targetHints":{"allow":["GET"]}}],"collection":[{"href":"https:\/\/labmet.uc3m.es\/en\/wp-json\/wp\/v2\/pages"}],"about":[{"href":"https:\/\/labmet.uc3m.es\/en\/wp-json\/wp\/v2\/types\/page"}],"author":[{"embeddable":true,"href":"https:\/\/labmet.uc3m.es\/en\/wp-json\/wp\/v2\/users\/426"}],"replies":[{"embeddable":true,"href":"https:\/\/labmet.uc3m.es\/en\/wp-json\/wp\/v2\/comments?post=1884"}],"version-history":[{"count":0,"href":"https:\/\/labmet.uc3m.es\/en\/wp-json\/wp\/v2\/pages\/1884\/revisions"}],"wp:attachment":[{"href":"https:\/\/labmet.uc3m.es\/en\/wp-json\/wp\/v2\/media?parent=1884"}],"curies":[{"name":"wp","href":"https:\/\/api.w.org\/{rel}","templated":true}]}}